{"id":8332,"date":"2016-02-29T10:15:10","date_gmt":"2016-02-29T09:15:10","guid":{"rendered":"https:\/\/staging.gvrpompe.com\/en\/?page_id=8332"},"modified":"2018-09-05T17:25:26","modified_gmt":"2018-09-05T15:25:26","slug":"cookie-policy-2","status":"publish","type":"page","link":"https:\/\/gvrpompe.com\/en\/cookie-policy-2\/","title":{"rendered":"Cookie Policy"},"content":{"rendered":"<p>Al fine di rendere pi\u00f9 comoda possibile la visita al nostro sito web, per la presentazione dei nostri prodotti utilizziamo dei cookie.<\/p>\n<p>Si tratta di stringhe di testo di piccole dimensioni che i siti visitati dall&#8217;utente inviano al suo terminale, dove vengono memorizzati per essere poi ritrasmessi agli stessi siti alla successiva visita del medesimo utente. Navigando su questo sito, potr\u00e0 ricevere solo cookie inviati direttamente dal nostro sito e gestiti dalla nostra Societ\u00e0.<\/p>\n<p>I cookies gestiti dalla nostra societ\u00e0 sono \u201cCOOKIE TECNICI\u201d: I cookie tecnici sono quelli utilizzati al solo fine di &#8220;effettuare la trasmissione di una comunicazione su una rete di comunicazione elettronica, o nella misura strettamente necessaria al fornitore di un servizio della societ\u00e0 dell&#8217;informazione esplicitamente richiesto dall&#8217;abbonato o dall&#8217;utente a erogare tale servizio&#8221;.<\/p>\n<p>Essi non vengono utilizzati per scopi ulteriori e sono normalmente installati direttamente dal titolare o gestore del sito web.<\/p>\n<p>Possono essere suddivisi in: cookie di navigazione o di sessione, che garantiscono la normale navigazione e fruizione del sito web; cookie analytics, assimilati ai cookie tecnici laddove utilizzati direttamente dal gestore del sito per raccogliere informazioni, in forma aggregata, sul numero degli utenti e su come questi visitano il sito stesso; cookie di funzionalit\u00e0, che permettono all&#8217;utente la navigazione in funzione di una serie di criteri selezionati al fine di migliorare il servizio reso allo stesso.<\/p>\n<p>Per l&#8217;installazione di tali cookies non \u00e8 richiesto il preventivo consenso degli utenti, mentre resta fermo l&#8217;obbligo di dare l&#8217;informativa ai sensi del GDPR, che il gestore del sito, qualora utilizzi soltanto tali dispositivi, potr\u00e0 fornire con le modalit\u00e0 che ritiene pi\u00f9 idonee. Su questo sito non vengono utilizzati cookie di profilazione.<\/p>\n<p>Proseguendo la navigazione su questo sito, chiudendo la fascetta informativa, facendo click in una qualsiasi parte della pagina o scorrendola per evidenziare ulteriore contenuto si pone in essere un atto manifesto ed esplicito di accettazione della nostra Cookie Policy e verranno impostati e raccolti i cookie dei quali non si \u00e8 dichiarato il rifiuto.<\/p>\n<p>I cookie da noi gestiti hanno una durata massima di 365 giorni salvo rinnovi volontari effettuati reiterando il consenso.<\/p>\n<p>Ci si pu\u00f2 opporre all&#8217;uso integrale dei cookie abbandonando questo sito e rifiutando anche l&#8217;uso dei cookie tecnici essenziali necessari per il suo funzionamento.<\/p>\n<p>Nel caso vi siano dubbi in merito all&#8217;utilizzo dei cookie \u00e8 sempre possibile intervenire per impedirne l&#8217;impostazione e la lettura ad esempio modificando le impostazioni sulla privacy all&#8217;interno del browser al fine di bloccarne determinati tipi o utilizzando i pulsanti di rifiuto che vengono messi a disposizione in questa Informativa.<\/p>\n<p>Qualsiasi richiesta di informazioni o chiarimenti o esercizio dei diritti pu\u00f2 essere indirizzata al Responsabile del trattamento al seguente recapito mail: privacy-GVR@gvrpompe.com<\/p>\n<p>Si ha sempre il diritto di proporre reclamo all&#8217;Autorit\u00e0 Garante per la Protezione dei dati Personali contattabile all&#8217;indirizzo garante@gpdp.it o mediante il sito http:\/\/www.gpdp.it<\/p>\n<p>&nbsp;<\/p>\n<p style=\"text-align: right;\">Ultimo aggiornamento: 09\/2018<\/p>\n","protected":false},"excerpt":{"rendered":"<p>Al fine di rendere pi\u00f9 comoda possibile la visita al nostro sito web, per la presentazione dei nostri prodotti utilizziamo dei cookie. Si tratta di stringhe di testo di piccole dimensioni che i siti visitati dall&#8217;utente inviano al suo terminale, dove vengono memorizzati per essere poi ritrasmessi agli stessi siti alla successiva visita del medesimo [&hellip;]<\/p>\n","protected":false},"author":1132,"featured_media":0,"parent":0,"menu_order":41,"comment_status":"closed","ping_status":"closed","template":"","meta":{"_acf_changed":false,"footnotes":""},"class_list":["post-8332","page","type-page","status-publish","hentry"],"acf":[],"yoast_head":"<!-- This site is optimized with the Yoast SEO plugin v27.4 - https:\/\/yoast.com\/product\/yoast-seo-wordpress\/ -->\n<title>Cookie Policy - GVR Pompe<\/title>\n<meta name=\"robots\" content=\"index, follow, max-snippet:-1, max-image-preview:large, max-video-preview:-1\" \/>\n<link rel=\"canonical\" href=\"https:\/\/gvrpompe.com\/en\/cookie-policy-2\/\" \/>\n<meta property=\"og:locale\" content=\"en_US\" \/>\n<meta property=\"og:type\" content=\"article\" \/>\n<meta property=\"og:title\" content=\"Cookie Policy - GVR Pompe\" \/>\n<meta property=\"og:description\" content=\"Al fine di rendere pi\u00f9 comoda possibile la visita al nostro sito web, per la presentazione dei nostri prodotti utilizziamo dei cookie. Si tratta di stringhe di testo di piccole dimensioni che i siti visitati dall&#8217;utente inviano al suo terminale, dove vengono memorizzati per essere poi ritrasmessi agli stessi siti alla successiva visita del medesimo [&hellip;]\" \/>\n<meta property=\"og:url\" content=\"https:\/\/gvrpompe.com\/en\/cookie-policy-2\/\" \/>\n<meta property=\"og:site_name\" content=\"GVR Pompe\" \/>\n<meta property=\"article:publisher\" content=\"https:\/\/www.facebook.com\/GVRPOMPE\" \/>\n<meta property=\"article:modified_time\" content=\"2018-09-05T15:25:26+00:00\" \/>\n<meta property=\"og:image\" content=\"https:\/\/gvrpompe.com\/wp-content\/uploads\/2021\/10\/logo_gvrpompe.png\" \/>\n\t<meta property=\"og:image:width\" content=\"340\" \/>\n\t<meta property=\"og:image:height\" content=\"156\" \/>\n\t<meta property=\"og:image:type\" content=\"image\/png\" \/>\n<meta name=\"twitter:card\" content=\"summary_large_image\" \/>\n<meta name=\"twitter:label1\" content=\"Est. reading time\" \/>\n\t<meta name=\"twitter:data1\" content=\"2 minutes\" \/>\n<script type=\"application\/ld+json\" class=\"yoast-schema-graph\">{\"@context\":\"https:\\\/\\\/schema.org\",\"@graph\":[{\"@type\":\"WebPage\",\"@id\":\"https:\\\/\\\/gvrpompe.com\\\/en\\\/cookie-policy-2\\\/\",\"url\":\"https:\\\/\\\/gvrpompe.com\\\/en\\\/cookie-policy-2\\\/\",\"name\":\"Cookie Policy - GVR Pompe\",\"isPartOf\":{\"@id\":\"https:\\\/\\\/gvrpompe.com\\\/#website\"},\"datePublished\":\"2016-02-29T09:15:10+00:00\",\"dateModified\":\"2018-09-05T15:25:26+00:00\",\"breadcrumb\":{\"@id\":\"https:\\\/\\\/gvrpompe.com\\\/en\\\/cookie-policy-2\\\/#breadcrumb\"},\"inLanguage\":\"en-US\",\"potentialAction\":[{\"@type\":\"ReadAction\",\"target\":[\"https:\\\/\\\/gvrpompe.com\\\/en\\\/cookie-policy-2\\\/\"]}]},{\"@type\":\"BreadcrumbList\",\"@id\":\"https:\\\/\\\/gvrpompe.com\\\/en\\\/cookie-policy-2\\\/#breadcrumb\",\"itemListElement\":[{\"@type\":\"ListItem\",\"position\":1,\"name\":\"Home\",\"item\":\"https:\\\/\\\/gvrpompe.com\\\/en\\\/\"},{\"@type\":\"ListItem\",\"position\":2,\"name\":\"Cookie Policy\"}]},{\"@type\":\"WebSite\",\"@id\":\"https:\\\/\\\/gvrpompe.com\\\/#website\",\"url\":\"https:\\\/\\\/gvrpompe.com\\\/\",\"name\":\"GVR Pompe\",\"description\":\"Pompe ad ingranaggi - Gear pumps - Pompes &agrave; engrenages\",\"publisher\":{\"@id\":\"https:\\\/\\\/gvrpompe.com\\\/#organization\"},\"potentialAction\":[{\"@type\":\"SearchAction\",\"target\":{\"@type\":\"EntryPoint\",\"urlTemplate\":\"https:\\\/\\\/gvrpompe.com\\\/?s={search_term_string}\"},\"query-input\":{\"@type\":\"PropertyValueSpecification\",\"valueRequired\":true,\"valueName\":\"search_term_string\"}}],\"inLanguage\":\"en-US\"},{\"@type\":\"Organization\",\"@id\":\"https:\\\/\\\/gvrpompe.com\\\/#organization\",\"name\":\"GVR Pompe s.r.l.\",\"alternateName\":\"Pompe ad ingranaggi - Gear pumps\",\"url\":\"https:\\\/\\\/gvrpompe.com\\\/\",\"logo\":{\"@type\":\"ImageObject\",\"inLanguage\":\"en-US\",\"@id\":\"https:\\\/\\\/gvrpompe.com\\\/#\\\/schema\\\/logo\\\/image\\\/\",\"url\":\"https:\\\/\\\/gvrpompe.com\\\/wp-content\\\/uploads\\\/2021\\\/11\\\/GVR_logo.png\",\"contentUrl\":\"https:\\\/\\\/gvrpompe.com\\\/wp-content\\\/uploads\\\/2021\\\/11\\\/GVR_logo.png\",\"width\":300,\"height\":138,\"caption\":\"GVR Pompe s.r.l.\"},\"image\":{\"@id\":\"https:\\\/\\\/gvrpompe.com\\\/#\\\/schema\\\/logo\\\/image\\\/\"},\"sameAs\":[\"https:\\\/\\\/www.facebook.com\\\/GVRPOMPE\",\"https:\\\/\\\/www.linkedin.com\\\/company\\\/gvr-pompe-srl\\\/\"]}]}<\/script>\n<!-- \/ Yoast SEO plugin. -->","yoast_head_json":{"title":"Cookie Policy - GVR Pompe","robots":{"index":"index","follow":"follow","max-snippet":"max-snippet:-1","max-image-preview":"max-image-preview:large","max-video-preview":"max-video-preview:-1"},"canonical":"https:\/\/gvrpompe.com\/en\/cookie-policy-2\/","og_locale":"en_US","og_type":"article","og_title":"Cookie Policy - GVR Pompe","og_description":"Al fine di rendere pi\u00f9 comoda possibile la visita al nostro sito web, per la presentazione dei nostri prodotti utilizziamo dei cookie. Si tratta di stringhe di testo di piccole dimensioni che i siti visitati dall&#8217;utente inviano al suo terminale, dove vengono memorizzati per essere poi ritrasmessi agli stessi siti alla successiva visita del medesimo [&hellip;]","og_url":"https:\/\/gvrpompe.com\/en\/cookie-policy-2\/","og_site_name":"GVR Pompe","article_publisher":"https:\/\/www.facebook.com\/GVRPOMPE","article_modified_time":"2018-09-05T15:25:26+00:00","og_image":[{"width":340,"height":156,"url":"https:\/\/gvrpompe.com\/wp-content\/uploads\/2021\/10\/logo_gvrpompe.png","type":"image\/png"}],"twitter_card":"summary_large_image","twitter_misc":{"Est. reading time":"2 minutes"},"schema":{"@context":"https:\/\/schema.org","@graph":[{"@type":"WebPage","@id":"https:\/\/gvrpompe.com\/en\/cookie-policy-2\/","url":"https:\/\/gvrpompe.com\/en\/cookie-policy-2\/","name":"Cookie Policy - GVR Pompe","isPartOf":{"@id":"https:\/\/gvrpompe.com\/#website"},"datePublished":"2016-02-29T09:15:10+00:00","dateModified":"2018-09-05T15:25:26+00:00","breadcrumb":{"@id":"https:\/\/gvrpompe.com\/en\/cookie-policy-2\/#breadcrumb"},"inLanguage":"en-US","potentialAction":[{"@type":"ReadAction","target":["https:\/\/gvrpompe.com\/en\/cookie-policy-2\/"]}]},{"@type":"BreadcrumbList","@id":"https:\/\/gvrpompe.com\/en\/cookie-policy-2\/#breadcrumb","itemListElement":[{"@type":"ListItem","position":1,"name":"Home","item":"https:\/\/gvrpompe.com\/en\/"},{"@type":"ListItem","position":2,"name":"Cookie Policy"}]},{"@type":"WebSite","@id":"https:\/\/gvrpompe.com\/#website","url":"https:\/\/gvrpompe.com\/","name":"GVR Pompe","description":"Pompe ad ingranaggi - Gear pumps - Pompes &agrave; engrenages","publisher":{"@id":"https:\/\/gvrpompe.com\/#organization"},"potentialAction":[{"@type":"SearchAction","target":{"@type":"EntryPoint","urlTemplate":"https:\/\/gvrpompe.com\/?s={search_term_string}"},"query-input":{"@type":"PropertyValueSpecification","valueRequired":true,"valueName":"search_term_string"}}],"inLanguage":"en-US"},{"@type":"Organization","@id":"https:\/\/gvrpompe.com\/#organization","name":"GVR Pompe s.r.l.","alternateName":"Pompe ad ingranaggi - Gear pumps","url":"https:\/\/gvrpompe.com\/","logo":{"@type":"ImageObject","inLanguage":"en-US","@id":"https:\/\/gvrpompe.com\/#\/schema\/logo\/image\/","url":"https:\/\/gvrpompe.com\/wp-content\/uploads\/2021\/11\/GVR_logo.png","contentUrl":"https:\/\/gvrpompe.com\/wp-content\/uploads\/2021\/11\/GVR_logo.png","width":300,"height":138,"caption":"GVR Pompe s.r.l."},"image":{"@id":"https:\/\/gvrpompe.com\/#\/schema\/logo\/image\/"},"sameAs":["https:\/\/www.facebook.com\/GVRPOMPE","https:\/\/www.linkedin.com\/company\/gvr-pompe-srl\/"]}]}},"_links":{"self":[{"href":"https:\/\/gvrpompe.com\/en\/wp-json\/wp\/v2\/pages\/8332","targetHints":{"allow":["GET"]}}],"collection":[{"href":"https:\/\/gvrpompe.com\/en\/wp-json\/wp\/v2\/pages"}],"about":[{"href":"https:\/\/gvrpompe.com\/en\/wp-json\/wp\/v2\/types\/page"}],"author":[{"embeddable":true,"href":"https:\/\/gvrpompe.com\/en\/wp-json\/wp\/v2\/users\/1132"}],"replies":[{"embeddable":true,"href":"https:\/\/gvrpompe.com\/en\/wp-json\/wp\/v2\/comments?post=8332"}],"version-history":[{"count":2,"href":"https:\/\/gvrpompe.com\/en\/wp-json\/wp\/v2\/pages\/8332\/revisions"}],"predecessor-version":[{"id":20168,"href":"https:\/\/gvrpompe.com\/en\/wp-json\/wp\/v2\/pages\/8332\/revisions\/20168"}],"wp:attachment":[{"href":"https:\/\/gvrpompe.com\/en\/wp-json\/wp\/v2\/media?parent=8332"}],"curies":[{"name":"wp","href":"https:\/\/api.w.org\/{rel}","templated":true}]}}